{"id":988,"date":"2020-12-02T11:34:05","date_gmt":"2020-12-02T14:34:05","guid":{"rendered":"https:\/\/isfd158-bue.infd.edu.ar\/sitio\/?page_id=988"},"modified":"2020-12-02T16:03:01","modified_gmt":"2020-12-02T19:03:01","slug":"tecnicatura-superior-en-enfermeria","status":"publish","type":"page","link":"https:\/\/isfd158-bue.infd.edu.ar\/sitio\/tecnicatura-superior-en-enfermeria\/","title":{"rendered":"Tecnicatura Superior en Enfermer\u00eda"},"content":{"rendered":"<p><img decoding=\"async\" loading=\"lazy\" class=\"wp-image-898 alignleft\" src=\"https:\/\/isfd158-bue.infd.edu.ar\/sitio\/wp-content\/uploads\/2020\/11\/2-1000x1000.png\" alt=\"\" width=\"453\" height=\"453\" srcset=\"https:\/\/isfd158-bue.infd.edu.ar\/sitio\/wp-content\/uploads\/2020\/11\/2-1000x1000.png 1000w, https:\/\/isfd158-bue.infd.edu.ar\/sitio\/wp-content\/uploads\/2020\/11\/2-500x500.png 500w, https:\/\/isfd158-bue.infd.edu.ar\/sitio\/wp-content\/uploads\/2020\/11\/2-768x768.png 768w, https:\/\/isfd158-bue.infd.edu.ar\/sitio\/wp-content\/uploads\/2020\/11\/2.png 1080w\" sizes=\"(max-width: 453px) 100vw, 453px\" \/><\/p>\n<p>&nbsp;<\/p>\n<p><strong>Duraci\u00f3n<\/strong>: 3 A\u00f1os<\/p>\n<p><strong>T\u00edtulo:<\/strong> Enfermero\/a<\/p>\n<h2 style=\"text-align: center;\"><a href=\"https:\/\/isfd158-bue.infd.edu.ar\/sitio\/rol-profesional-y-campo-laboral\/\"><span style=\"color: #800080;\">ROL PROFESIONAL Y CAMPO LABORAL<\/span><\/a><\/h2>\n<h2 style=\"text-align: center;\"><a href=\"https:\/\/isfd158-bue.infd.edu.ar\/sitio\/plan-de-estudios-enfermeria\/\"><span style=\"color: #800080;\">PLAN DE ESTUDIOS<\/span><\/a><\/h2>\n<h2 style=\"text-align: center;\"><span style=\"color: #800080;\"><a style=\"color: #800080;\" href=\"https:\/\/isfd158-bue.infd.edu.ar\/sitio\/correlatividadestenfe\/\">CORRELATIVIDADES<\/a><\/span><\/h2>\n","protected":false},"excerpt":{"rendered":"<p>&nbsp; Duraci\u00f3n: 3 A\u00f1os T\u00edtulo: Enfermero\/a ROL PROFESIONAL Y CAMPO LABORAL PLAN DE ESTUDIOS CORRELATIVIDADES<\/p>\n","protected":false},"author":69,"featured_media":0,"parent":0,"menu_order":0,"comment_status":"closed","ping_status":"closed","template":"","meta":[],"acf":[],"_links":{"self":[{"href":"https:\/\/isfd158-bue.infd.edu.ar\/sitio\/wp-json\/wp\/v2\/pages\/988"}],"collection":[{"href":"https:\/\/isfd158-bue.infd.edu.ar\/sitio\/wp-json\/wp\/v2\/pages"}],"about":[{"href":"https:\/\/isfd158-bue.infd.edu.ar\/sitio\/wp-json\/wp\/v2\/types\/page"}],"author":[{"embeddable":true,"href":"https:\/\/isfd158-bue.infd.edu.ar\/sitio\/wp-json\/wp\/v2\/users\/69"}],"replies":[{"embeddable":true,"href":"https:\/\/isfd158-bue.infd.edu.ar\/sitio\/wp-json\/wp\/v2\/comments?post=988"}],"version-history":[{"count":3,"href":"https:\/\/isfd158-bue.infd.edu.ar\/sitio\/wp-json\/wp\/v2\/pages\/988\/revisions"}],"predecessor-version":[{"id":1015,"href":"https:\/\/isfd158-bue.infd.edu.ar\/sitio\/wp-json\/wp\/v2\/pages\/988\/revisions\/1015"}],"wp:attachment":[{"href":"https:\/\/isfd158-bue.infd.edu.ar\/sitio\/wp-json\/wp\/v2\/media?parent=988"}],"curies":[{"name":"wp","href":"https:\/\/api.w.org\/{rel}","templated":true}]}}