{"id":985,"date":"2020-12-02T11:30:13","date_gmt":"2020-12-02T14:30:13","guid":{"rendered":"https:\/\/isfd158-bue.infd.edu.ar\/sitio\/?page_id=985"},"modified":"2020-12-02T15:48:29","modified_gmt":"2020-12-02T18:48:29","slug":"tecnicatura-en-administracion-contable","status":"publish","type":"page","link":"https:\/\/isfd158-bue.infd.edu.ar\/sitio\/tecnicatura-en-administracion-contable\/","title":{"rendered":"Tecnicatura en Administraci\u00f3n Contable"},"content":{"rendered":"<p><strong><img decoding=\"async\" loading=\"lazy\" class=\"wp-image-897 alignleft\" src=\"https:\/\/isfd158-bue.infd.edu.ar\/sitio\/wp-content\/uploads\/2020\/11\/1-1000x1000.png\" alt=\"\" width=\"401\" height=\"401\" srcset=\"https:\/\/isfd158-bue.infd.edu.ar\/sitio\/wp-content\/uploads\/2020\/11\/1-1000x1000.png 1000w, https:\/\/isfd158-bue.infd.edu.ar\/sitio\/wp-content\/uploads\/2020\/11\/1-500x500.png 500w, https:\/\/isfd158-bue.infd.edu.ar\/sitio\/wp-content\/uploads\/2020\/11\/1-768x768.png 768w, https:\/\/isfd158-bue.infd.edu.ar\/sitio\/wp-content\/uploads\/2020\/11\/1.png 1080w\" sizes=\"(max-width: 401px) 100vw, 401px\" \/><\/strong><\/p>\n<p>&nbsp;<\/p>\n<p><strong>Duraci\u00f3n:<\/strong> 3 A\u00f1os<\/p>\n<p><strong>T\u00edtulo:<\/strong>\u00a0T\u00e9cnico Superior en Administraci\u00f3n Contable<\/p>\n<h2 style=\"text-align: center;\"><span style=\"color: #339966;\"><a style=\"color: #339966;\" href=\"https:\/\/isfd158-bue.infd.edu.ar\/sitio\/rol-profesional-y-campo-laboral-4\/\">ROL PROFESIONAL Y CAMPO LABORAL<\/a><\/span><\/h2>\n<h2 style=\"text-align: center;\"><span style=\"color: #339966;\"><a style=\"color: #339966;\" href=\"https:\/\/isfd158-bue.infd.edu.ar\/sitio\/plan-de-estudios-contable\/\">PLAN DE ESTUDIOS<\/a><\/span><\/h2>\n<h2 style=\"text-align: center;\"><span style=\"color: #339966;\"><a style=\"color: #339966;\" href=\"https:\/\/isfd158-bue.infd.edu.ar\/sitio\/correlatividadestecac\/\">CORRELATIVIDADES<\/a><\/span><\/h2>\n","protected":false},"excerpt":{"rendered":"<p>&nbsp; Duraci\u00f3n: 3 A\u00f1os T\u00edtulo:\u00a0T\u00e9cnico Superior en Administraci\u00f3n Contable ROL PROFESIONAL Y CAMPO LABORAL PLAN DE ESTUDIOS CORRELATIVIDADES<\/p>\n","protected":false},"author":69,"featured_media":0,"parent":0,"menu_order":0,"comment_status":"closed","ping_status":"closed","template":"","meta":[],"acf":[],"_links":{"self":[{"href":"https:\/\/isfd158-bue.infd.edu.ar\/sitio\/wp-json\/wp\/v2\/pages\/985"}],"collection":[{"href":"https:\/\/isfd158-bue.infd.edu.ar\/sitio\/wp-json\/wp\/v2\/pages"}],"about":[{"href":"https:\/\/isfd158-bue.infd.edu.ar\/sitio\/wp-json\/wp\/v2\/types\/page"}],"author":[{"embeddable":true,"href":"https:\/\/isfd158-bue.infd.edu.ar\/sitio\/wp-json\/wp\/v2\/users\/69"}],"replies":[{"embeddable":true,"href":"https:\/\/isfd158-bue.infd.edu.ar\/sitio\/wp-json\/wp\/v2\/comments?post=985"}],"version-history":[{"count":4,"href":"https:\/\/isfd158-bue.infd.edu.ar\/sitio\/wp-json\/wp\/v2\/pages\/985\/revisions"}],"predecessor-version":[{"id":1008,"href":"https:\/\/isfd158-bue.infd.edu.ar\/sitio\/wp-json\/wp\/v2\/pages\/985\/revisions\/1008"}],"wp:attachment":[{"href":"https:\/\/isfd158-bue.infd.edu.ar\/sitio\/wp-json\/wp\/v2\/media?parent=985"}],"curies":[{"name":"wp","href":"https:\/\/api.w.org\/{rel}","templated":true}]}}