{"id":979,"date":"2020-12-02T11:00:24","date_gmt":"2020-12-02T14:00:24","guid":{"rendered":"https:\/\/isfd158-bue.infd.edu.ar\/sitio\/?page_id=979"},"modified":"2020-12-02T11:00:24","modified_gmt":"2020-12-02T14:00:24","slug":"profesorado-de-educacion-inicial","status":"publish","type":"page","link":"https:\/\/isfd158-bue.infd.edu.ar\/sitio\/profesorado-de-educacion-inicial\/","title":{"rendered":"Profesorado de Educaci\u00f3n Inicial"},"content":{"rendered":"<p><img decoding=\"async\" loading=\"lazy\" class=\"wp-image-900 alignleft\" src=\"https:\/\/isfd158-bue.infd.edu.ar\/sitio\/wp-content\/uploads\/2020\/11\/4-1000x1000.png\" alt=\"\" width=\"485\" height=\"485\" srcset=\"https:\/\/isfd158-bue.infd.edu.ar\/sitio\/wp-content\/uploads\/2020\/11\/4-1000x1000.png 1000w, https:\/\/isfd158-bue.infd.edu.ar\/sitio\/wp-content\/uploads\/2020\/11\/4-500x500.png 500w, https:\/\/isfd158-bue.infd.edu.ar\/sitio\/wp-content\/uploads\/2020\/11\/4-768x768.png 768w, https:\/\/isfd158-bue.infd.edu.ar\/sitio\/wp-content\/uploads\/2020\/11\/4.png 1080w\" sizes=\"(max-width: 485px) 100vw, 485px\" \/><\/p>\n<p><strong>Duraci\u00f3n:<\/strong> 4 A\u00f1os<\/p>\n<p><strong>T\u00edtulo:<\/strong> Profesor\/a de Educaci\u00f3n Inicial<\/p>\n<p>&nbsp;<\/p>\n<h2 style=\"text-align: center;\"><span style=\"color: #ff00ff;\"><a style=\"color: #ff00ff;\" href=\"https:\/\/isfd158-bue.infd.edu.ar\/sitio\/rol-profesional-y-campo-laboral-5\/\">ROL PROFESIONAL Y CAMPO LABORAL<\/a><\/span><\/h2>\n<h2 style=\"text-align: center;\"><span style=\"color: #ff00ff;\"><a style=\"color: #ff00ff;\" href=\"https:\/\/isfd158-bue.infd.edu.ar\/sitio\/plan-de-estudio-inicial\/\">PLAN DE ESTUDIOS<\/a><\/span><\/h2>\n<h2 style=\"text-align: center;\"><a href=\"https:\/\/isfd158-bue.infd.edu.ar\/sitio\/correlatividadesinicial\/\"><span style=\"color: #ff00ff;\">CORRELATIVAS\u00a0<\/span><\/a><\/h2>\n","protected":false},"excerpt":{"rendered":"<p>Duraci\u00f3n: 4 A\u00f1os T\u00edtulo: Profesor\/a de Educaci\u00f3n Inicial &nbsp; ROL PROFESIONAL Y CAMPO LABORAL PLAN DE ESTUDIOS CORRELATIVAS\u00a0<\/p>\n","protected":false},"author":69,"featured_media":0,"parent":0,"menu_order":0,"comment_status":"closed","ping_status":"closed","template":"","meta":[],"acf":[],"_links":{"self":[{"href":"https:\/\/isfd158-bue.infd.edu.ar\/sitio\/wp-json\/wp\/v2\/pages\/979"}],"collection":[{"href":"https:\/\/isfd158-bue.infd.edu.ar\/sitio\/wp-json\/wp\/v2\/pages"}],"about":[{"href":"https:\/\/isfd158-bue.infd.edu.ar\/sitio\/wp-json\/wp\/v2\/types\/page"}],"author":[{"embeddable":true,"href":"https:\/\/isfd158-bue.infd.edu.ar\/sitio\/wp-json\/wp\/v2\/users\/69"}],"replies":[{"embeddable":true,"href":"https:\/\/isfd158-bue.infd.edu.ar\/sitio\/wp-json\/wp\/v2\/comments?post=979"}],"version-history":[{"count":1,"href":"https:\/\/isfd158-bue.infd.edu.ar\/sitio\/wp-json\/wp\/v2\/pages\/979\/revisions"}],"predecessor-version":[{"id":980,"href":"https:\/\/isfd158-bue.infd.edu.ar\/sitio\/wp-json\/wp\/v2\/pages\/979\/revisions\/980"}],"wp:attachment":[{"href":"https:\/\/isfd158-bue.infd.edu.ar\/sitio\/wp-json\/wp\/v2\/media?parent=979"}],"curies":[{"name":"wp","href":"https:\/\/api.w.org\/{rel}","templated":true}]}}