{"id":975,"date":"2020-12-02T10:52:22","date_gmt":"2020-12-02T13:52:22","guid":{"rendered":"https:\/\/isfd158-bue.infd.edu.ar\/sitio\/?page_id=975"},"modified":"2020-12-02T15:32:36","modified_gmt":"2020-12-02T18:32:36","slug":"profesorado-de-educacion-fisica","status":"publish","type":"page","link":"https:\/\/isfd158-bue.infd.edu.ar\/sitio\/profesorado-de-educacion-fisica\/","title":{"rendered":"Profesorado de Educaci\u00f3n F\u00edsica"},"content":{"rendered":"<p><img decoding=\"async\" loading=\"lazy\" class=\"wp-image-899 alignleft\" src=\"https:\/\/isfd158-bue.infd.edu.ar\/sitio\/wp-content\/uploads\/2020\/11\/3-1000x1000.png\" alt=\"\" width=\"471\" height=\"471\" srcset=\"https:\/\/isfd158-bue.infd.edu.ar\/sitio\/wp-content\/uploads\/2020\/11\/3-1000x1000.png 1000w, https:\/\/isfd158-bue.infd.edu.ar\/sitio\/wp-content\/uploads\/2020\/11\/3-500x500.png 500w, https:\/\/isfd158-bue.infd.edu.ar\/sitio\/wp-content\/uploads\/2020\/11\/3-768x768.png 768w, https:\/\/isfd158-bue.infd.edu.ar\/sitio\/wp-content\/uploads\/2020\/11\/3.png 1080w\" sizes=\"(max-width: 471px) 100vw, 471px\" \/><\/p>\n<p>&nbsp;<\/p>\n<p><strong>Duraci\u00f3n:<\/strong> 4 A\u00f1os<\/p>\n<p><strong>T\u00edtulo:<\/strong> Profesor\/a de Educaci\u00f3n F\u00edsica<\/p>\n<h2 style=\"text-align: center;\"><span style=\"color: #ff6600;\"><a style=\"color: #ff6600;\" href=\"https:\/\/isfd158-bue.infd.edu.ar\/sitio\/rol-profesional-y-campo-laboral-2\/\">ROL PROFESIONAL Y CAMPO LABORAL<\/a><\/span><\/h2>\n<h2 style=\"text-align: center;\"><span style=\"color: #ff6600;\"><a style=\"color: #ff6600;\" href=\"https:\/\/isfd158-bue.infd.edu.ar\/sitio\/plan-de-estudios-edfi\/\">PLAN DE ESTUDIOS<\/a><\/span><\/h2>\n<h2 style=\"text-align: center;\"><span style=\"color: #ff6600;\"><a style=\"color: #ff6600;\" href=\"https:\/\/isfd158-bue.infd.edu.ar\/sitio\/correlatividadesedfi\/\">CORRELATIVAS\u00a0<\/a><\/span><\/h2>\n<p>&nbsp;<\/p>\n","protected":false},"excerpt":{"rendered":"<p>&nbsp; Duraci\u00f3n: 4 A\u00f1os T\u00edtulo: Profesor\/a de Educaci\u00f3n F\u00edsica ROL PROFESIONAL Y CAMPO LABORAL PLAN DE ESTUDIOS CORRELATIVAS\u00a0 &nbsp;<\/p>\n","protected":false},"author":69,"featured_media":0,"parent":0,"menu_order":0,"comment_status":"closed","ping_status":"closed","template":"","meta":[],"acf":[],"_links":{"self":[{"href":"https:\/\/isfd158-bue.infd.edu.ar\/sitio\/wp-json\/wp\/v2\/pages\/975"}],"collection":[{"href":"https:\/\/isfd158-bue.infd.edu.ar\/sitio\/wp-json\/wp\/v2\/pages"}],"about":[{"href":"https:\/\/isfd158-bue.infd.edu.ar\/sitio\/wp-json\/wp\/v2\/types\/page"}],"author":[{"embeddable":true,"href":"https:\/\/isfd158-bue.infd.edu.ar\/sitio\/wp-json\/wp\/v2\/users\/69"}],"replies":[{"embeddable":true,"href":"https:\/\/isfd158-bue.infd.edu.ar\/sitio\/wp-json\/wp\/v2\/comments?post=975"}],"version-history":[{"count":3,"href":"https:\/\/isfd158-bue.infd.edu.ar\/sitio\/wp-json\/wp\/v2\/pages\/975\/revisions"}],"predecessor-version":[{"id":1004,"href":"https:\/\/isfd158-bue.infd.edu.ar\/sitio\/wp-json\/wp\/v2\/pages\/975\/revisions\/1004"}],"wp:attachment":[{"href":"https:\/\/isfd158-bue.infd.edu.ar\/sitio\/wp-json\/wp\/v2\/media?parent=975"}],"curies":[{"name":"wp","href":"https:\/\/api.w.org\/{rel}","templated":true}]}}