{"id":887,"date":"2020-11-27T19:04:54","date_gmt":"2020-11-27T22:04:54","guid":{"rendered":"https:\/\/isfd158-bue.infd.edu.ar\/sitio\/?page_id=887"},"modified":"2024-02-16T17:20:43","modified_gmt":"2024-02-16T20:20:43","slug":"ingreso-2024","status":"publish","type":"page","link":"https:\/\/isfd158-bue.infd.edu.ar\/sitio\/ingreso-2024\/","title":{"rendered":"INGRESO 2024"},"content":{"rendered":"\n<h2 class=\"wp-block-heading has-text-align-center has-base-3-color has-accent-background-color has-text-color has-background\">INSCRIPCI\u00d3N A CARRERAS 2024<\/h2>\n\n\n\n<!--more-->\n\n\n\n<h5 class=\"wp-block-heading\"><span style=\"color: #008000;\"><strong>\u00bfQu\u00e9 carreras se dictar\u00e1n en 2024?<\/strong><\/span><\/h5>\n\n\n\n<p>Estas son las carreras y los dise\u00f1os curriculares que podr\u00e1s cursar en este 2024:<\/p>\n\n\n\n<ul>\n<li><a href=\"https:\/\/drive.google.com\/file\/d\/1F6V90Vu1d4_Ty_qhEmIo6tGk2g-QcdnB\/view?usp=drive_link\">Profesorado en Educaci\u00f3n Primaria&nbsp;<\/a><\/li>\n\n\n\n<li><a href=\"https:\/\/drive.google.com\/file\/d\/1beO7U42HLhGvKDJ6pSP02T-fNwiwYXDI\/view?usp=sharing\">Profesorado en Ingl\u00e9s<\/a><\/li>\n\n\n\n<li><a href=\"https:\/\/drive.google.com\/file\/d\/1NNp09qjru-aeswt_pKOBKwCsJWWh1nVB\/view?usp=drive_link\">Tecnicatura en Enfermer\u00eda<\/a><\/li>\n\n\n\n<li><a href=\"https:\/\/drive.google.com\/file\/d\/1BiKcnRY3YmvusNDYWsYGId71rL-4fpds\/view?usp=sharing\">Tecnicatura en Administraci\u00f3n Agropecuaria<\/a><\/li>\n<\/ul>\n\n\n\n<p>En el caso del profesorado en ingl\u00e9s, se tomar\u00e1n pruebas de suficiencia a fin de determinar el nivel del ingresante. Dicho examen definir\u00e1 si el\/la alumna debe realizar solo el <a href=\"https:\/\/drive.google.com\/file\/d\/1HcAr9IwoZz6tDIM7xXZ6A2g-wqSWfvYB\/view?usp=sharing\">Curso de Formaci\u00f3n B\u00e1sica<\/a>, que se cursar\u00e1 a contraturno durante el primer a\u00f1o de la carrera, o si tambi\u00e9n puede comenzar el cursado del profesorado.<\/p>\n\n\n\n<p>Para consultas, ac\u00e9rcate al Instituto de Lunes a Viernes de 18.30hs a 21hs, Mi\u00e9rcoles y Viernes de 13.30 a 17hs y Viernes de 9 a 12hs o escribinos a isfdyt158cpringles@abc.gob.ar o por Whats App al 2922480635.<\/p>\n\n\n\n<h4 class=\"wp-block-heading\"><span style=\"color: #008000;\"><strong>\u00bfC\u00f3mo me inscribo?<\/strong><\/span><\/h4>\n\n\n\n<h5 class=\"wp-block-heading\">Si realizaste la Pre-Inscripci\u00f3n a trav\u00e9s del <strong>Formulario<\/strong>, durante diciembre de 2023, ten\u00e9s garantizado el cupo para poder realizar la inscripci\u00f3n, por lo que ya te hemos enviado un correo electr\u00f3nico indicando lo que deb\u00e9s presentar.<\/h5>\n\n\n\n<p>Si te inscribiste posterior al 31\/12\/23, tu inscripci\u00f3n queda sujeta al cupo. Igualmente, revis\u00e1 tu correo electr\u00f3nico. <\/p>\n\n\n\n<p>La Inscripci\u00f3n se formaliza de manera presencial previo al inicio del Taller de Ingreso.<\/p>\n\n\n\n<h5 class=\"wp-block-heading\"><span style=\"color: #008000;\"><strong>\u00bfQu\u00e9 documentaci\u00f3n se me solicitar\u00e1 para formalizar la inscripci\u00f3n?<\/strong><\/span><\/h5>\n\n\n\n<p>En dicha etapa se requiere toda la documentaci\u00f3n que se detalla a continuaci\u00f3n:<\/p>\n\n\n\n<ul>\n<li><a href=\"https:\/\/drive.google.com\/file\/d\/1UC9WkiMcRNa80XO6ukA93AjpvIuKLeey\/view?usp=sharing\" data-type=\"URL\" data-id=\"https:\/\/drive.google.com\/file\/d\/1UC9WkiMcRNa80XO6ukA93AjpvIuKLeey\/view?usp=sharing\">Pla<span class=\"text_exposed_show\">nilla de inscripci\u00f3n&nbsp;<\/span><\/a><\/li>\n\n\n\n<li><span class=\"text_exposed_show\"><a href=\"https:\/\/drive.google.com\/file\/d\/1UCnmc1Xz-jfW-z_6yEj3NKWLp0BIaY53\/view?usp=sharing\" data-type=\"URL\" data-id=\"https:\/\/drive.google.com\/file\/d\/1UCnmc1Xz-jfW-z_6yEj3NKWLp0BIaY53\/view?usp=sharing\">Planilla de salud.<\/a><\/span><\/li>\n\n\n\n<li><span class=\"text_exposed_show\">Documento de identidad (las dos caras)<\/span><\/li>\n\n\n\n<li><span class=\"text_exposed_show\">Acta de nacimiento.<\/span><\/li>\n\n\n\n<li><span class=\"text_exposed_show\">T\u00edtulo secundario o constancia de t\u00edtulo en tr\u00e1mite.<\/span><\/li>\n\n\n\n<li>Foto 4 x 4<\/li>\n\n\n\n<li>Cuota anual de cooperadora $3500. &#8211; (Puede realizarse por transferencia bancaria. No excluyente)<\/li>\n\n\n\n<li>Folio Oficio<\/li>\n<\/ul>\n\n\n\n<p>La documentaci\u00f3n deber\u00e1 ser presentada de forma presencial del 19\/2 al 2\/3 en el instituto, en Av. 25 de Mayo 1150, de 18.30 a 21hs.<\/p>\n\n\n\n<h5 class=\"wp-block-heading\"><span style=\"color: #008000;\"><strong>\u00bfCuando inician las cursadas?<\/strong><\/span><\/h5>\n\n\n\n<p class=\"has-text-align-left\">En el mes de marzo se dar\u00e1 inicio al <strong>Taller de Ingreso<\/strong>, el cual es de car\u00e1cter <strong>obligatorio no eliminatorio<\/strong>, y tiene por fin que los y las ingresantes conozcan la instituci\u00f3n y sus integrantes, las normativas, el R\u00e9gimen Acad\u00e9mico, los \u00f3rganos de participaci\u00f3n y accedan a informaci\u00f3n sobre las carreras que van a cursar.<\/p>\n\n\n\n<p>El taller de ingreso tiene una duracion de 1 mes. Comienza el 11 de marzo con el Acto de Inicio de Ciclo Lectivo y culmina el 13 de abril.<\/p>\n\n\n\n<p>El 15 de abril, se dar\u00e1 inicio a las cursadas regulares del primer a\u00f1o, pudiendo retrasarse dicho inicio cuando las carreras son nuevas y se encuentran en proceso de cobertura de c\u00e1tedras.<\/p>\n\n\n\n<h5 class=\"wp-block-heading\"><span style=\"color: #008000;\"><strong>\u00bfCu\u00e1l es el horario de las cursadas?<\/strong><\/span><\/h5>\n\n\n\n<p>Las cursadas de todas las carreras de nuestra instituci\u00f3n son de Lunes a Viernes en el nivel vespertino, es decir, de 18 a 22.30hs. Sin embargo, dependiendo la carga horaria, es posible que las carreras cuenten con pre-horas, o inicien durante el turno tarde. En el caso de las pr\u00e1cticas docentes y profesionalizantes, se realizan durante el turno ma\u00f1ana y o tarde.<\/p>\n\n\n\n<h4 class=\"wp-block-heading\"><span style=\"color: #ff6600;\"><strong>Otra consultas<\/strong><\/span><\/h4>\n\n\n\n<p>Por consultas sobre pases y equivalencias, acercate por ventanilla, de lunes a viernes de 18.30 a 21hs<\/p>\n\n\n\n<p><\/p>\n","protected":false},"excerpt":{"rendered":"<p>INSCRIPCI\u00d3N A CARRERAS 2024<\/p>\n","protected":false},"author":69,"featured_media":0,"parent":0,"menu_order":0,"comment_status":"closed","ping_status":"closed","template":"","meta":[],"acf":[],"_links":{"self":[{"href":"https:\/\/isfd158-bue.infd.edu.ar\/sitio\/wp-json\/wp\/v2\/pages\/887"}],"collection":[{"href":"https:\/\/isfd158-bue.infd.edu.ar\/sitio\/wp-json\/wp\/v2\/pages"}],"about":[{"href":"https:\/\/isfd158-bue.infd.edu.ar\/sitio\/wp-json\/wp\/v2\/types\/page"}],"author":[{"embeddable":true,"href":"https:\/\/isfd158-bue.infd.edu.ar\/sitio\/wp-json\/wp\/v2\/users\/69"}],"replies":[{"embeddable":true,"href":"https:\/\/isfd158-bue.infd.edu.ar\/sitio\/wp-json\/wp\/v2\/comments?post=887"}],"version-history":[{"count":40,"href":"https:\/\/isfd158-bue.infd.edu.ar\/sitio\/wp-json\/wp\/v2\/pages\/887\/revisions"}],"predecessor-version":[{"id":1393,"href":"https:\/\/isfd158-bue.infd.edu.ar\/sitio\/wp-json\/wp\/v2\/pages\/887\/revisions\/1393"}],"wp:attachment":[{"href":"https:\/\/isfd158-bue.infd.edu.ar\/sitio\/wp-json\/wp\/v2\/media?parent=887"}],"curies":[{"name":"wp","href":"https:\/\/api.w.org\/{rel}","templated":true}]}}