{"id":801,"date":"2018-08-30T10:43:17","date_gmt":"2018-08-30T13:43:17","guid":{"rendered":"https:\/\/isfd158-bue.infd.edu.ar\/sitio\/miembros\/"},"modified":"2023-04-04T10:22:43","modified_gmt":"2023-04-04T13:22:43","slug":"miembros","status":"publish","type":"page","link":"https:\/\/isfd158-bue.infd.edu.ar\/sitio\/miembros\/","title":{"rendered":"Miembros"},"content":{"rendered":"<p><span style=\"font-size: 12pt; font-family: verdana, geneva;\"><strong>Presidenta<\/strong><\/span><\/p>\n<ul>\n<li>Ximena Martel<\/li>\n<\/ul>\n<p><strong><span style=\"font-size: 12pt; font-family: verdana, geneva;\">Docentes\u00a0<\/span><\/strong><\/p>\n<ul>\n<li>Mar\u00eda Aravena (suplente de Eugenia Zanfardini)<\/li>\n<li>Carlos Luna<\/li>\n<li>Anah\u00ed L\u00f3pez<\/li>\n<li>Florencia Sabatini<\/li>\n<li>Gina Di Pietro<\/li>\n<li>Valeria Aguirrezabala<\/li>\n<\/ul>\n<p><strong><span style=\"font-size: 12pt; font-family: verdana, geneva;\">Alumnes<\/span><\/strong><\/p>\n<ul>\n<li>Yuliana Lemos (3ero PEP &#8211; 2do PEI)<\/li>\n<li>Soledad Ortelli (4to PEP)<\/li>\n<li>Corina Schmitd (4to PEP)<\/li>\n<li>Nahuel Cabrera (4to EFI)<\/li>\n<li>Lautaro Gancedo (3ero EFI)<\/li>\n<\/ul>\n","protected":false},"excerpt":{"rendered":"<p>Presidenta Ximena Martel Docentes\u00a0 Mar\u00eda Aravena (suplente de Eugenia Zanfardini) Carlos Luna Anah\u00ed L\u00f3pez Florencia Sabatini Gina Di Pietro Valeria Aguirrezabala Alumnes Yuliana Lemos (3ero PEP &#8211; 2do PEI) Soledad Ortelli (4to PEP) Corina Schmitd (4to PEP) Nahuel Cabrera (4to EFI) Lautaro Gancedo (3ero EFI)<\/p>\n","protected":false},"author":61,"featured_media":0,"parent":0,"menu_order":0,"comment_status":"closed","ping_status":"closed","template":"","meta":[],"acf":[],"_links":{"self":[{"href":"https:\/\/isfd158-bue.infd.edu.ar\/sitio\/wp-json\/wp\/v2\/pages\/801"}],"collection":[{"href":"https:\/\/isfd158-bue.infd.edu.ar\/sitio\/wp-json\/wp\/v2\/pages"}],"about":[{"href":"https:\/\/isfd158-bue.infd.edu.ar\/sitio\/wp-json\/wp\/v2\/types\/page"}],"author":[{"embeddable":true,"href":"https:\/\/isfd158-bue.infd.edu.ar\/sitio\/wp-json\/wp\/v2\/users\/61"}],"replies":[{"embeddable":true,"href":"https:\/\/isfd158-bue.infd.edu.ar\/sitio\/wp-json\/wp\/v2\/comments?post=801"}],"version-history":[{"count":1,"href":"https:\/\/isfd158-bue.infd.edu.ar\/sitio\/wp-json\/wp\/v2\/pages\/801\/revisions"}],"predecessor-version":[{"id":1101,"href":"https:\/\/isfd158-bue.infd.edu.ar\/sitio\/wp-json\/wp\/v2\/pages\/801\/revisions\/1101"}],"wp:attachment":[{"href":"https:\/\/isfd158-bue.infd.edu.ar\/sitio\/wp-json\/wp\/v2\/media?parent=801"}],"curies":[{"name":"wp","href":"https:\/\/api.w.org\/{rel}","templated":true}]}}