{"id":743,"date":"2018-08-30T10:42:58","date_gmt":"2018-08-30T13:42:58","guid":{"rendered":"https:\/\/isfd158-bue.infd.edu.ar\/sitio\/profesorado-en-educacion-primaria\/"},"modified":"2020-11-27T20:22:50","modified_gmt":"2020-11-27T23:22:50","slug":"profesorado-en-educacion-primaria","status":"publish","type":"page","link":"https:\/\/isfd158-bue.infd.edu.ar\/sitio\/profesorado-en-educacion-primaria\/","title":{"rendered":"Profesorado en Educaci\u00f3n Primaria"},"content":{"rendered":"<h3><span style=\"color: #ff99cc;\"><img decoding=\"async\" loading=\"lazy\" class=\"wp-image-901 alignleft\" src=\"https:\/\/isfd158-bue.infd.edu.ar\/sitio\/wp-content\/uploads\/2020\/11\/5-1000x1000.png\" alt=\"\" width=\"558\" height=\"558\" srcset=\"https:\/\/isfd158-bue.infd.edu.ar\/sitio\/wp-content\/uploads\/2020\/11\/5-1000x1000.png 1000w, https:\/\/isfd158-bue.infd.edu.ar\/sitio\/wp-content\/uploads\/2020\/11\/5-500x500.png 500w, https:\/\/isfd158-bue.infd.edu.ar\/sitio\/wp-content\/uploads\/2020\/11\/5-768x768.png 768w, https:\/\/isfd158-bue.infd.edu.ar\/sitio\/wp-content\/uploads\/2020\/11\/5.png 1080w\" sizes=\"(max-width: 558px) 100vw, 558px\" \/><\/span><\/h3>\n<p>&nbsp;<\/p>\n<p><strong>Duraci\u00f3n:<\/strong> 4 A\u00f1os<\/p>\n<p><strong>T\u00edtulo:<\/strong> Profesor de Educaci\u00f3n Primaria<\/p>\n<h3 style=\"text-align: center;\"><a href=\"https:\/\/isfd158-bue.infd.edu.ar\/sitio\/rol-profesional-y-campo-laboral-3\/\"><span style=\"color: #ff99cc;\">ROL PROFESIONAL Y CAMPO LABORAL<\/span><\/a><\/h3>\n<h3 style=\"text-align: center;\"><a href=\"https:\/\/isfd158-bue.infd.edu.ar\/sitio\/plan-de-estudio-primaria\/\"><span style=\"color: #ff99cc;\">PLAN DE ESTUDIOS<\/span><\/a><\/h3>\n<h3 style=\"text-align: center;\"><span style=\"color: #ff99cc;\">CORRELATIVAS\u00a0<\/span><\/h3>\n","protected":false},"excerpt":{"rendered":"<p>&nbsp; Duraci\u00f3n: 4 A\u00f1os T\u00edtulo: Profesor de Educaci\u00f3n Primaria ROL PROFESIONAL Y CAMPO LABORAL PLAN DE ESTUDIOS CORRELATIVAS\u00a0<\/p>\n","protected":false},"author":61,"featured_media":0,"parent":0,"menu_order":0,"comment_status":"closed","ping_status":"closed","template":"","meta":[],"acf":[],"_links":{"self":[{"href":"https:\/\/isfd158-bue.infd.edu.ar\/sitio\/wp-json\/wp\/v2\/pages\/743"}],"collection":[{"href":"https:\/\/isfd158-bue.infd.edu.ar\/sitio\/wp-json\/wp\/v2\/pages"}],"about":[{"href":"https:\/\/isfd158-bue.infd.edu.ar\/sitio\/wp-json\/wp\/v2\/types\/page"}],"author":[{"embeddable":true,"href":"https:\/\/isfd158-bue.infd.edu.ar\/sitio\/wp-json\/wp\/v2\/users\/61"}],"replies":[{"embeddable":true,"href":"https:\/\/isfd158-bue.infd.edu.ar\/sitio\/wp-json\/wp\/v2\/comments?post=743"}],"version-history":[{"count":3,"href":"https:\/\/isfd158-bue.infd.edu.ar\/sitio\/wp-json\/wp\/v2\/pages\/743\/revisions"}],"predecessor-version":[{"id":906,"href":"https:\/\/isfd158-bue.infd.edu.ar\/sitio\/wp-json\/wp\/v2\/pages\/743\/revisions\/906"}],"wp:attachment":[{"href":"https:\/\/isfd158-bue.infd.edu.ar\/sitio\/wp-json\/wp\/v2\/media?parent=743"}],"curies":[{"name":"wp","href":"https:\/\/api.w.org\/{rel}","templated":true}]}}