{"id":1412,"date":"2025-06-04T17:34:12","date_gmt":"2025-06-04T20:34:12","guid":{"rendered":"https:\/\/isfd158-bue.infd.edu.ar\/sitio\/?page_id=1412"},"modified":"2025-06-04T21:12:38","modified_gmt":"2025-06-05T00:12:38","slug":"tramo-pedagogico","status":"publish","type":"page","link":"https:\/\/isfd158-bue.infd.edu.ar\/sitio\/tramo-pedagogico\/","title":{"rendered":""},"content":{"rendered":"\n<p><\/p>\n\n\n\n<h1 class=\"wp-block-heading has-text-align-center has-accent-color has-text-color\">TRAMO DE FORMACI\u00d3N PEDAG\u00d3GICA 2025<\/h1>\n\n\n\n<p class=\"has-text-align-center has-contrast-color has-text-color has-medium-font-size\"><strong>Res. 2076\/24<\/strong><\/p>\n\n\n\n<p>La DGCyE pone en marcha una oferta de formaci\u00f3n pedag\u00f3gica para Profesionales y T\u00e9cnicos con actual desempe\u00f1o en el sistema educativo provincial y\/o que lo hayan tenido durante al menos un ciclo lectivo, en los \u00faltimos cinco a\u00f1os.<\/p>\n\n\n\n<p>En una decisi\u00f3n de valorar, por una parte, la formaci\u00f3n para la docencia a trav\u00e9s de una oferta amplia de Profesorados para las modalidades y diversidades que requiere el sistema educativo provincial y, por otra, formar pedag\u00f3gicamente a aquellos\/as profesionales y\/o t\u00e9cnicos que ingresan sin formaci\u00f3n pedag\u00f3gica por las v\u00edas de excepci\u00f3n para cubrir vacantes de dif\u00edcil cobertura y\/o, ante la falta de docentes para cubrirlas, la DGCyE replantea una l\u00ednea complementaria.&nbsp; Esta l\u00ednea es la del dictado de un Tramo de Formaci\u00f3n Pedag\u00f3gica (Resoluci\u00f3n 2076\/2024) para los diferentes niveles del sistema, oferta \u00fanica para ser validada por la DGCyE en sus listados.&nbsp;<\/p>\n\n\n\n<h2 class=\"wp-block-heading\">Informaci\u00f3n importante<\/h2>\n\n\n\n<p>Para acceder a resoluciones, Regimen acad\u00e9mico Marco, Plan de estudios, Ingresa al siguiente link<\/p>\n\n\n\n<p><a href=\"https:\/\/drive.google.com\/drive\/folders\/1lw_KvM0_jJjm_ij-w_f7A9og_M8KTik7?usp=sharing\">https:\/\/drive.google.com\/drive\/folders\/1lw_KvM0_jJjm_ij-w_f7A9og_M8KTik7?usp=sharing<\/a><\/p>\n","protected":false},"excerpt":{"rendered":"<p>TRAMO DE FORMACI\u00d3N PEDAG\u00d3GICA 2025 Res. 2076\/24 La DGCyE pone en marcha una oferta de formaci\u00f3n pedag\u00f3gica para Profesionales y T\u00e9cnicos con actual desempe\u00f1o en el sistema educativo provincial y\/o que lo hayan tenido durante al menos un ciclo lectivo, en los \u00faltimos cinco a\u00f1os. En una decisi\u00f3n de valorar, por una parte, la formaci\u00f3n &#8230; <a title=\"\" class=\"read-more\" href=\"https:\/\/isfd158-bue.infd.edu.ar\/sitio\/tramo-pedagogico\/\" aria-label=\"More on \">[+]<\/a><\/p>\n","protected":false},"author":69,"featured_media":0,"parent":0,"menu_order":0,"comment_status":"closed","ping_status":"closed","template":"","meta":[],"acf":[],"_links":{"self":[{"href":"https:\/\/isfd158-bue.infd.edu.ar\/sitio\/wp-json\/wp\/v2\/pages\/1412"}],"collection":[{"href":"https:\/\/isfd158-bue.infd.edu.ar\/sitio\/wp-json\/wp\/v2\/pages"}],"about":[{"href":"https:\/\/isfd158-bue.infd.edu.ar\/sitio\/wp-json\/wp\/v2\/types\/page"}],"author":[{"embeddable":true,"href":"https:\/\/isfd158-bue.infd.edu.ar\/sitio\/wp-json\/wp\/v2\/users\/69"}],"replies":[{"embeddable":true,"href":"https:\/\/isfd158-bue.infd.edu.ar\/sitio\/wp-json\/wp\/v2\/comments?post=1412"}],"version-history":[{"count":6,"href":"https:\/\/isfd158-bue.infd.edu.ar\/sitio\/wp-json\/wp\/v2\/pages\/1412\/revisions"}],"predecessor-version":[{"id":1426,"href":"https:\/\/isfd158-bue.infd.edu.ar\/sitio\/wp-json\/wp\/v2\/pages\/1412\/revisions\/1426"}],"wp:attachment":[{"href":"https:\/\/isfd158-bue.infd.edu.ar\/sitio\/wp-json\/wp\/v2\/media?parent=1412"}],"curies":[{"name":"wp","href":"https:\/\/api.w.org\/{rel}","templated":true}]}}