{"id":1315,"date":"2023-12-30T15:10:50","date_gmt":"2023-12-30T18:10:50","guid":{"rendered":"https:\/\/isfd158-bue.infd.edu.ar\/sitio\/?page_id=1315"},"modified":"2023-12-30T15:15:34","modified_gmt":"2023-12-30T18:15:34","slug":"plan-de-estudios-7","status":"publish","type":"page","link":"https:\/\/isfd158-bue.infd.edu.ar\/sitio\/plan-de-estudios-7\/","title":{"rendered":"Plan de Estudios"},"content":{"rendered":"\n<p class=\"has-base-3-color has-accent-background-color has-text-color has-background\"><strong>Resoluci\u00f3n 5032\/19<\/strong><\/p>\n\n\n\n<figure class=\"wp-block-table is-style-stripes\"><table><tbody><tr><td><strong>Primer A\u00f1o<\/strong><\/td><\/tr><tr><td>Econom\u00eda<br>&nbsp;Principios de administraci\u00f3n<br>Matem\u00e1tica I<br>Contabilidad I<br>Producci\u00f3n animal<br>Producci\u00f3n vegetal<br>Sistemas de producci\u00f3n<br>Pr\u00e1cticas Profesionalizantes I<\/td><\/tr><tr><td><strong>Segundo A\u00f1o<\/strong><\/td><\/tr><tr><td>Derecho<br>Sociolog\u00eda rural<br>Matem\u00e1tica II<br>Estad\u00edstica<br>Metodolog\u00eda de la investigaci\u00f3n<br>Ingl\u00e9s I<br>Administraci\u00f3n agropecuaria I<br>Contabilidad II<br>Pr\u00e1cticas Profesionalizantes II<\/td><\/tr><tr><td><strong>Tercer A\u00f1o<\/strong><\/td><\/tr><tr><td>Administraci\u00f3n agropecuaria II<br>Comercializaci\u00f3n agropecuaria<br>Derecho agrario<br>Dise\u00f1o y evaluaci\u00f3n de proyectos<br>Teor\u00eda y pr\u00e1ctica tributaria<br>Ingles II<br>Pr\u00e1cticas Profesionalizantes III<\/td><\/tr><\/tbody><\/table><\/figure>\n\n\n<div class=\"wp-block-image\">\n<figure class=\"aligncenter size-full\"><img decoding=\"async\" loading=\"lazy\" width=\"1170\" height=\"377\" src=\"https:\/\/isfd158-bue.infd.edu.ar\/sitio\/wp-content\/uploads\/2023\/12\/image-30.png\" alt=\"\" class=\"wp-image-1322\" srcset=\"https:\/\/isfd158-bue.infd.edu.ar\/sitio\/wp-content\/uploads\/2023\/12\/image-30.png 1170w, https:\/\/isfd158-bue.infd.edu.ar\/sitio\/wp-content\/uploads\/2023\/12\/image-30-1000x322.png 1000w, https:\/\/isfd158-bue.infd.edu.ar\/sitio\/wp-content\/uploads\/2023\/12\/image-30-768x247.png 768w\" sizes=\"(max-width: 1170px) 100vw, 1170px\" \/><\/figure><\/div>\n\n\n<figure class=\"wp-block-image size-full\"><img decoding=\"async\" loading=\"lazy\" width=\"1207\" height=\"498\" src=\"https:\/\/isfd158-bue.infd.edu.ar\/sitio\/wp-content\/uploads\/2023\/12\/image-32.png\" alt=\"\" class=\"wp-image-1325\" srcset=\"https:\/\/isfd158-bue.infd.edu.ar\/sitio\/wp-content\/uploads\/2023\/12\/image-32.png 1207w, https:\/\/isfd158-bue.infd.edu.ar\/sitio\/wp-content\/uploads\/2023\/12\/image-32-1000x413.png 1000w, https:\/\/isfd158-bue.infd.edu.ar\/sitio\/wp-content\/uploads\/2023\/12\/image-32-768x317.png 768w\" sizes=\"(max-width: 1207px) 100vw, 1207px\" \/><\/figure>\n\n\n<div class=\"wp-block-image\">\n<figure class=\"aligncenter size-full\"><img decoding=\"async\" loading=\"lazy\" width=\"1207\" height=\"446\" src=\"https:\/\/isfd158-bue.infd.edu.ar\/sitio\/wp-content\/uploads\/2023\/12\/image-34.png\" alt=\"\" class=\"wp-image-1327\" srcset=\"https:\/\/isfd158-bue.infd.edu.ar\/sitio\/wp-content\/uploads\/2023\/12\/image-34.png 1207w, https:\/\/isfd158-bue.infd.edu.ar\/sitio\/wp-content\/uploads\/2023\/12\/image-34-1000x370.png 1000w, https:\/\/isfd158-bue.infd.edu.ar\/sitio\/wp-content\/uploads\/2023\/12\/image-34-768x284.png 768w\" sizes=\"(max-width: 1207px) 100vw, 1207px\" \/><\/figure><\/div>","protected":false},"excerpt":{"rendered":"<p>Resoluci\u00f3n 5032\/19 Primer A\u00f1o Econom\u00eda&nbsp;Principios de administraci\u00f3nMatem\u00e1tica IContabilidad IProducci\u00f3n animalProducci\u00f3n vegetalSistemas de producci\u00f3nPr\u00e1cticas Profesionalizantes I Segundo A\u00f1o DerechoSociolog\u00eda ruralMatem\u00e1tica IIEstad\u00edsticaMetodolog\u00eda de la investigaci\u00f3nIngl\u00e9s IAdministraci\u00f3n agropecuaria IContabilidad IIPr\u00e1cticas Profesionalizantes II Tercer A\u00f1o Administraci\u00f3n agropecuaria IIComercializaci\u00f3n agropecuariaDerecho agrarioDise\u00f1o y evaluaci\u00f3n de proyectosTeor\u00eda y pr\u00e1ctica tributariaIngles IIPr\u00e1cticas Profesionalizantes III<\/p>\n","protected":false},"author":61,"featured_media":0,"parent":0,"menu_order":0,"comment_status":"closed","ping_status":"closed","template":"","meta":[],"acf":[],"_links":{"self":[{"href":"https:\/\/isfd158-bue.infd.edu.ar\/sitio\/wp-json\/wp\/v2\/pages\/1315"}],"collection":[{"href":"https:\/\/isfd158-bue.infd.edu.ar\/sitio\/wp-json\/wp\/v2\/pages"}],"about":[{"href":"https:\/\/isfd158-bue.infd.edu.ar\/sitio\/wp-json\/wp\/v2\/types\/page"}],"author":[{"embeddable":true,"href":"https:\/\/isfd158-bue.infd.edu.ar\/sitio\/wp-json\/wp\/v2\/users\/61"}],"replies":[{"embeddable":true,"href":"https:\/\/isfd158-bue.infd.edu.ar\/sitio\/wp-json\/wp\/v2\/comments?post=1315"}],"version-history":[{"count":2,"href":"https:\/\/isfd158-bue.infd.edu.ar\/sitio\/wp-json\/wp\/v2\/pages\/1315\/revisions"}],"predecessor-version":[{"id":1328,"href":"https:\/\/isfd158-bue.infd.edu.ar\/sitio\/wp-json\/wp\/v2\/pages\/1315\/revisions\/1328"}],"wp:attachment":[{"href":"https:\/\/isfd158-bue.infd.edu.ar\/sitio\/wp-json\/wp\/v2\/media?parent=1315"}],"curies":[{"name":"wp","href":"https:\/\/api.w.org\/{rel}","templated":true}]}}