{"id":1312,"date":"2023-12-30T15:07:23","date_gmt":"2023-12-30T18:07:23","guid":{"rendered":"https:\/\/isfd158-bue.infd.edu.ar\/sitio\/?page_id=1312"},"modified":"2023-12-30T15:07:24","modified_gmt":"2023-12-30T18:07:24","slug":"perfil-del-egresado","status":"publish","type":"page","link":"https:\/\/isfd158-bue.infd.edu.ar\/sitio\/perfil-del-egresado\/","title":{"rendered":"Perfil del Egresado"},"content":{"rendered":"\n<h5 class=\"wp-block-heading has-base-3-color has-accent-background-color has-text-color has-background\"><strong>TECNICATURA EN ADMINISTRACI\u00d3N AGROPECUARIA<br><\/strong>Resoluci\u00f3n 5032\/19<\/h5>\n\n\n\n<p>El T\u00e9cnico Superior en Administraci\u00f3n Agropecuaria es un profesional que estar\u00e1 capacitado para organizar, programar, ejecutar y controlar las operaciones comerciales, financieras yadministrativas de organizaciones agropecuarias; elaborar, controlar y registrar el flujo deinformaci\u00f3n; organizar y planificar los recursos referidos para desarrollar sus actividades interactuando con el entorno y participando en la toma de decisiones relacionadas con susactividades, coordinando equipos de trabajo relacionado con su especialidad.<br>La especificidad de su formaci\u00f3n le permitir\u00e1 adaptarse a los cambios constantes delsistema productivo propio del sector, con un perfil creativo e innovador y con la impronta de trabajo en equipo; y es a partir del conocimiento de la din\u00e1mica de econom\u00eda regional que<br>podr\u00e1 coordinar y controlar los procesos de producci\u00f3n, los recursos humanos implicados, y el flujo de informaci\u00f3n contable y financiera necesaria para la concreci\u00f3n de los objetivos de la organizaci\u00f3n.<br>Estas funciones ser\u00e1n desarrolladas seg\u00fan las incumbencias y las normas t\u00e9cnicas y legales que rigen su campo profesional.<\/p>\n\n\n\n<p><\/p>\n","protected":false},"excerpt":{"rendered":"<p>TECNICATURA EN ADMINISTRACI\u00d3N AGROPECUARIAResoluci\u00f3n 5032\/19 El T\u00e9cnico Superior en Administraci\u00f3n Agropecuaria es un profesional que estar\u00e1 capacitado para organizar, programar, ejecutar y controlar las operaciones comerciales, financieras yadministrativas de organizaciones agropecuarias; elaborar, controlar y registrar el flujo deinformaci\u00f3n; organizar y planificar los recursos referidos para desarrollar sus actividades interactuando con el entorno y participando en &#8230; <a title=\"Perfil del Egresado\" class=\"read-more\" href=\"https:\/\/isfd158-bue.infd.edu.ar\/sitio\/perfil-del-egresado\/\" aria-label=\"More on Perfil del Egresado\">[+]<\/a><\/p>\n","protected":false},"author":61,"featured_media":0,"parent":0,"menu_order":0,"comment_status":"closed","ping_status":"closed","template":"","meta":[],"acf":[],"_links":{"self":[{"href":"https:\/\/isfd158-bue.infd.edu.ar\/sitio\/wp-json\/wp\/v2\/pages\/1312"}],"collection":[{"href":"https:\/\/isfd158-bue.infd.edu.ar\/sitio\/wp-json\/wp\/v2\/pages"}],"about":[{"href":"https:\/\/isfd158-bue.infd.edu.ar\/sitio\/wp-json\/wp\/v2\/types\/page"}],"author":[{"embeddable":true,"href":"https:\/\/isfd158-bue.infd.edu.ar\/sitio\/wp-json\/wp\/v2\/users\/61"}],"replies":[{"embeddable":true,"href":"https:\/\/isfd158-bue.infd.edu.ar\/sitio\/wp-json\/wp\/v2\/comments?post=1312"}],"version-history":[{"count":1,"href":"https:\/\/isfd158-bue.infd.edu.ar\/sitio\/wp-json\/wp\/v2\/pages\/1312\/revisions"}],"predecessor-version":[{"id":1313,"href":"https:\/\/isfd158-bue.infd.edu.ar\/sitio\/wp-json\/wp\/v2\/pages\/1312\/revisions\/1313"}],"wp:attachment":[{"href":"https:\/\/isfd158-bue.infd.edu.ar\/sitio\/wp-json\/wp\/v2\/media?parent=1312"}],"curies":[{"name":"wp","href":"https:\/\/api.w.org\/{rel}","templated":true}]}}