{"id":1295,"date":"2023-12-30T14:53:34","date_gmt":"2023-12-30T17:53:34","guid":{"rendered":"https:\/\/isfd158-bue.infd.edu.ar\/sitio\/?page_id=1295"},"modified":"2023-12-30T14:53:36","modified_gmt":"2023-12-30T17:53:36","slug":"plan-de-estudios-6","status":"publish","type":"page","link":"https:\/\/isfd158-bue.infd.edu.ar\/sitio\/plan-de-estudios-6\/","title":{"rendered":"Plan de Estudios"},"content":{"rendered":"\n<p class=\"has-base-3-color has-accent-background-color has-text-color has-background\"><strong>PROFESORADO EN INGL\u00c9S<br>Resoluci\u00f3n N\u00b0 1860\/17<\/strong><\/p>\n\n\n\n<p class=\"has-accent-color has-base-2-background-color has-text-color has-background\"><strong>Primer a\u00f1o<\/strong><\/p>\n\n\n\n<figure class=\"wp-block-table\"><table><tbody><tr><td><strong>CAMPO DE LA&nbsp;<\/strong><strong>FORMACI\u00d3N<\/strong><strong>&nbsp;GENERAL<\/strong><\/td><\/tr><tr><td>&nbsp;Pedagog\u00eda<\/td><\/tr><tr><td>&nbsp;Did\u00e1ctica General<\/td><\/tr><tr><td>&nbsp;Problem\u00e1ticas Socio Institucionales<\/td><\/tr><tr><td><strong>CAMPO DE LA&nbsp;<\/strong><strong>FORMACI\u00d3N<\/strong><strong>&nbsp;ESPECIFICA<\/strong><\/td><\/tr><tr><td>&nbsp;Pr\u00e1cticas Discursivas de la Comunicaci\u00f3n Oral I<\/td><\/tr><tr><td>&nbsp;Pr\u00e1cticas Discursivas de la Comunicaci\u00f3n&nbsp;Escrita I<\/td><\/tr><tr><td>&nbsp;Pr\u00e1cticas Discursivas del \u00c1mbito Acad\u00e9mico en Espa\u00f1ol<\/td><\/tr><tr><td>&nbsp;Introducci\u00f3n al Ingl\u00e9s con Fines Acad\u00e9micos<\/td><\/tr><tr><td>&nbsp;Estudios Interculturales en Lengua Inglesa I<\/td><\/tr><tr><td><strong>CAMPO DE LA FORMACI\u00d3N EN LA PR\u00c1CTICA PROFESIONAL<\/strong><\/td><\/tr><tr><td>&nbsp;CFPP 1: Componentes del Trabajo Docente<\/td><\/tr><\/tbody><\/table><\/figure>\n\n\n\n<p class=\"has-accent-color has-base-2-background-color has-text-color has-background\"><strong>Segundo&nbsp;a\u00f1o:<\/strong><\/p>\n\n\n\n<figure class=\"wp-block-table\"><table><tbody><tr><td><strong>CAMPO DE LA&nbsp;<\/strong><strong>FORMACI\u00d3N<\/strong><strong>&nbsp;GENERAL<\/strong><\/td><\/tr><tr><td>&nbsp;Historia y Pol\u00edtica Argentinas<\/td><\/tr><tr><td>&nbsp;Ense\u00f1ar con Tecnolog\u00edas<\/td><\/tr><tr><td>&nbsp;Perspectivas Acerca de los Sujetos en la Educaci\u00f3n<\/td><\/tr><tr><td><strong>CAMPO DE LA&nbsp;<\/strong><strong>FORMACI\u00d3N<\/strong><strong>&nbsp;ESPECIFICA<\/strong><\/td><\/tr><tr><td>&nbsp;Pr\u00e1cticas Discursivas de la Comunicaci\u00f3n Oral II<\/td><\/tr><tr><td>&nbsp;Pr\u00e1cticas Discursivas de la Comunicaci\u00f3n&nbsp;Escrita II<\/td><\/tr><tr><td>&nbsp;Fundamentos de la Ense\u00f1anza y el Aprendizaje en Ingl\u00e9s I<\/td><\/tr><tr><td>&nbsp;Literatura en Lengua Inglesa y Ni\u00f1ez<\/td><\/tr><tr><td>&nbsp;Estudios Interculturales en Lengua Inglesa II<\/td><\/tr><tr><td><strong>CAMPO DE LA FORMACI\u00d3N EN LA PR\u00c1CTICA PROFESIONAL<\/strong><\/td><\/tr><tr><td>&nbsp;CFPP 2:&nbsp;La Construcci\u00f3n del Trabajo Docente en la Escuela Primaria y Secundaria<\/td><\/tr><\/tbody><\/table><\/figure>\n\n\n\n<p class=\"has-accent-color has-base-2-background-color has-text-color has-background\"><strong>Tercer a\u00f1o:<\/strong><\/p>\n\n\n\n<figure class=\"wp-block-table\"><table><tbody><tr><td><strong>CAMPO DE LA FORMACI\u00d3N GENERAL<\/strong><\/td><\/tr><tr><td>&nbsp;Educaci\u00f3n para la Diversidad<\/td><\/tr><tr><td>&nbsp;Filosof\u00eda y Educaci\u00f3n<\/td><\/tr><tr><td>Evaluaci\u00f3n de los Aprendizajes<\/td><\/tr><tr><td>&nbsp;Oferta de Unidades Curriculares optativas para el Estudiante<\/td><\/tr><tr><td>&nbsp; &nbsp; &nbsp;Opci\u00f3n 1: Segunda Lengua Extranjera<\/td><\/tr><tr><td>&nbsp; &nbsp; &nbsp;Opci\u00f3n 2: Oratoria y Ret\u00f3rica Docente<\/td><\/tr><tr><td><strong>CAMPO DE LA FORMACI\u00d3N ESPECIFICA<\/strong><\/td><\/tr><tr><td>&nbsp;Pr\u00e1cticas Discursivas de la Comunicaci\u00f3n Oral III<\/td><\/tr><tr><td>&nbsp;Pr\u00e1cticas Discursivas de la Comunicaci\u00f3n&nbsp;Escrita III<\/td><\/tr><tr><td>&nbsp;Fundamentos de la Ense\u00f1anza y el Aprendizaje en Ingl\u00e9s II<\/td><\/tr><tr><td>&nbsp;Literatura en Lengua Inglesa y Juventud<\/td><\/tr><tr><td>&nbsp;Estudios Interculturales en Lengua Inglesa III<\/td><\/tr><tr><td><strong>CAMPO DE LA FORMACI\u00d3N EN LA PR\u00c1CTICA PROFESIONAL<\/strong><\/td><\/tr><tr><td>&nbsp; CFPP 3:&nbsp;La Construcci\u00f3n del Rol Docente en la Ense\u00f1anza en el Nivel Primario<\/td><\/tr><\/tbody><\/table><\/figure>\n\n\n\n<p class=\"has-accent-color has-base-2-background-color has-text-color has-background\"><strong>Cuarto a\u00f1o:<\/strong><\/p>\n\n\n\n<figure class=\"wp-block-table\"><table><tbody><tr><td><strong>CAMPO DE LA&nbsp;<\/strong><strong>FORMACI\u00d3N<\/strong><strong>&nbsp;GENERAL<\/strong><\/td><\/tr><tr><td><strong>&nbsp;<\/strong>An\u00e1lisis e Intervenci\u00f3n en Situaciones de Convivencia Escolar<\/td><\/tr><tr><td>&nbsp;Espacio de Definici\u00f3n Institucional<\/td><\/tr><tr><td>&nbsp;Tutor\u00edas y Orientaci\u00f3n Escolar<\/td><\/tr><tr><td><strong>CAMPO DE LA&nbsp;<\/strong><strong>FORMACI\u00d3N<\/strong><strong>&nbsp;ESPECIFICA<\/strong><\/td><\/tr><tr><td>&nbsp;Pr\u00e1cticas Discursivas de la Comunicaci\u00f3n Oral IV<\/td><\/tr><tr><td>&nbsp;Pr\u00e1cticas Discursivas de la Comunicaci\u00f3n Escrita IV<\/td><\/tr><tr><td>&nbsp;Fundamentos de la Ense\u00f1anza y el Aprendizaje en Ingl\u00e9s III<\/td><\/tr><tr><td>&nbsp;Estudios Interculturales en Lengua Inglesa IV<\/td><\/tr><tr><td><strong>CAMPO DE LA FORMACI\u00d3N EN LA PR\u00c1CTICA PROFESIONAL<\/strong><\/td><\/tr><tr><td>&nbsp;CFPP 4: La Construcci\u00f3n Del Rol Docente en la Ense\u00f1anza en el Nivel Secundario<\/td><\/tr><\/tbody><\/table><\/figure>\n","protected":false},"excerpt":{"rendered":"<p>PROFESORADO EN INGL\u00c9SResoluci\u00f3n N\u00b0 1860\/17 Primer a\u00f1o CAMPO DE LA&nbsp;FORMACI\u00d3N&nbsp;GENERAL &nbsp;Pedagog\u00eda &nbsp;Did\u00e1ctica General &nbsp;Problem\u00e1ticas Socio Institucionales CAMPO DE LA&nbsp;FORMACI\u00d3N&nbsp;ESPECIFICA &nbsp;Pr\u00e1cticas Discursivas de la Comunicaci\u00f3n Oral I &nbsp;Pr\u00e1cticas Discursivas de la Comunicaci\u00f3n&nbsp;Escrita I &nbsp;Pr\u00e1cticas Discursivas del \u00c1mbito Acad\u00e9mico en Espa\u00f1ol &nbsp;Introducci\u00f3n al Ingl\u00e9s con Fines Acad\u00e9micos &nbsp;Estudios Interculturales en Lengua Inglesa I CAMPO DE LA FORMACI\u00d3N &#8230; <a title=\"Plan de Estudios\" class=\"read-more\" href=\"https:\/\/isfd158-bue.infd.edu.ar\/sitio\/plan-de-estudios-6\/\" aria-label=\"More on Plan de Estudios\">[+]<\/a><\/p>\n","protected":false},"author":61,"featured_media":0,"parent":0,"menu_order":0,"comment_status":"closed","ping_status":"closed","template":"","meta":[],"acf":[],"_links":{"self":[{"href":"https:\/\/isfd158-bue.infd.edu.ar\/sitio\/wp-json\/wp\/v2\/pages\/1295"}],"collection":[{"href":"https:\/\/isfd158-bue.infd.edu.ar\/sitio\/wp-json\/wp\/v2\/pages"}],"about":[{"href":"https:\/\/isfd158-bue.infd.edu.ar\/sitio\/wp-json\/wp\/v2\/types\/page"}],"author":[{"embeddable":true,"href":"https:\/\/isfd158-bue.infd.edu.ar\/sitio\/wp-json\/wp\/v2\/users\/61"}],"replies":[{"embeddable":true,"href":"https:\/\/isfd158-bue.infd.edu.ar\/sitio\/wp-json\/wp\/v2\/comments?post=1295"}],"version-history":[{"count":1,"href":"https:\/\/isfd158-bue.infd.edu.ar\/sitio\/wp-json\/wp\/v2\/pages\/1295\/revisions"}],"predecessor-version":[{"id":1296,"href":"https:\/\/isfd158-bue.infd.edu.ar\/sitio\/wp-json\/wp\/v2\/pages\/1295\/revisions\/1296"}],"wp:attachment":[{"href":"https:\/\/isfd158-bue.infd.edu.ar\/sitio\/wp-json\/wp\/v2\/media?parent=1295"}],"curies":[{"name":"wp","href":"https:\/\/api.w.org\/{rel}","templated":true}]}}