{"id":1164,"date":"2023-12-12T15:39:58","date_gmt":"2023-12-12T18:39:58","guid":{"rendered":"https:\/\/isfd158-bue.infd.edu.ar\/sitio\/?page_id=1164"},"modified":"2024-03-26T16:06:06","modified_gmt":"2024-03-26T19:06:06","slug":"sistema-de-creditos","status":"publish","type":"page","link":"https:\/\/isfd158-bue.infd.edu.ar\/sitio\/sistema-de-creditos\/","title":{"rendered":"Sistema de Cr\u00e9ditos"},"content":{"rendered":"\n<p>Nuestra Instituci\u00f3n cuenta con Sistema de Cr\u00e9ditos el cual impacta en la acreditaci\u00f3n final de las pr\u00e1cticas docentes y\/o profesionalizantes.<\/p>\n\n\n\n<div style=\"position: relative; width: 100%; height: 0; padding-top: 56.2500%;\n padding-bottom: 0; box-shadow: 0 2px 8px 0 rgba(63,69,81,0.16); margin-top: 1.6em; margin-bottom: 0.9em; overflow: hidden;\n border-radius: 8px; will-change: transform;\">\n  <iframe loading=\"lazy\" style=\"position: absolute; width: 100%; height: 100%; top: 0; left: 0; border: none; padding: 0;margin: 0;\"\n    src=\"https:&#x2F;&#x2F;www.canva.com&#x2F;design&#x2F;DAFql6p70Vs&#x2F;view?embed\" allowfullscreen=\"allowfullscreen\" allow=\"fullscreen\">\n  <\/iframe>\n<\/div>\n<a href=\"https:&#x2F;&#x2F;www.canva.com&#x2F;design&#x2F;DAFql6p70Vs&#x2F;view?utm_content=DAFql6p70Vs&amp;utm_campaign=designshare&amp;utm_medium=embeds&amp;utm_source=link\" target=\"_blank\" rel=\"noopener\">Sistema de Cr\u00e9ditos<\/a> de Ximena Martel\n\n\n\n<h2 class=\"wp-block-heading\">\u00bfD\u00f3nde puedo realizar cursos que me den cr\u00e9ditos?<\/h2>\n\n\n\n<p>Cursos gratuitos on line del Ministerio de Justicia y DDHH de la Naci\u00f3n: <a href=\"https:\/\/capacitacion.jus.gov.ar\/campusdh\/\" target=\"_blank\" rel=\"noreferrer noopener\">https:\/\/capacitacion.jus.gov.ar\/campusdh\/<\/a><\/p>\n\n\n\n<p>Cursos Gratuitos y On Line del INAP (Instituto Nacional de Administraci\u00f3n P\u00fablica), con muchas ofertas para las \u00e1reas t\u00e9cnicas: <a href=\"https:\/\/capacitacion.inap.gob.ar\/\" target=\"_blank\" rel=\"noreferrer noopener\">https:\/\/capacitacion.inap.gob.ar\/<\/a><\/p>\n\n\n\n<p>Para estudiantes de formaci\u00f3n docente, cursos gratuitos y online, que otorgan puntaje, del Instituto Nacional de Formaci\u00f3n Docente: <a rel=\"noreferrer noopener\" href=\"https:\/\/infod.educacion.gob.ar\/cursos?receiver=15\" target=\"_blank\">https:\/\/infod.educacion.gob.ar\/cursos?receiver=15<\/a><\/p>\n\n\n\n<p>El INTA, a trav\u00e9s de PROCADIS brinda cursos gratuitos y on line: <a href=\"https:\/\/campus.inta.gob.ar\/\" target=\"_blank\" rel=\"noreferrer noopener\">https:\/\/campus.inta.gob.ar\/<\/a><\/p>\n\n\n\n<p>Escuela Provincial de DDHH <a href=\"https:\/\/escuelaprovincialsdh.mjus.gba.gob.ar\/course\/\" target=\"_blank\" rel=\"noreferrer noopener\">https:\/\/escuelaprovincialsdh.mjus.gba.gob.ar\/course\/ <\/a><\/p>\n\n\n\n<p>En el Centro de Formaci\u00f3n Profesional, de manera presencial.<\/p>\n\n\n\n<p>Para acreditar cualquier curso o carrera, se requiere certificado de curso terminado o certificado de alumno\/a regular.<\/p>\n\n\n\n<h5 class=\"wp-block-heading has-base-3-color has-accent-background-color has-text-color has-background\">Trayectos Formativos Opcionales<\/h5>\n\n\n\n<p>Las carreras de formaci\u00f3n docente inicial, cuentan con distintas ofertas de Trayectos Formativos, construidos y seleccionados por la Instituci\u00f3n en funci\u00f3n a las necesidades de cada carrera. Sin embargo, estos espacios, tambi\u00e9n pueden ser \u00fatiles para otras carreras, incluso aquellas que poseen TFO dentro de sus curriculas.<br>Las y los estudiantes pueden elegir los TFO que cursar e, incluso, exceder la cantidad de TFO solicitados para sus planes de estudio. Esos TFO extra que se cursan, aportan 8 cr\u00e9ditos si se cursan con un 50% de asistencia y se aprueban. Adem\u00e1s, la instituci\u00f3n emitir\u00e1 un certificado donde conste que ha cursado dicho espacio.<\/p>\n\n\n\n<p>Los <strong>TRAYECTOS FORMATIVOS OPCIONALES QUE SE OFRECER\u00c1N EN 2024 <\/strong>ser\u00e1n:<\/p>\n\n\n\n<p>En <strong>Profesorado en Educaci\u00f3n Primaria<\/strong>: <\/p>\n\n\n\n<ul>\n<li>Teatro y Expresi\u00f3n Corporal. Docente: Flavia Potis. Lunes de 15.25hs a 16.25hs<\/li>\n\n\n\n<li>Escuela, Familias y Comunidad desde una perspectiva de g\u00e9nero. Docente: Anah\u00ed L\u00f3pez. Mi\u00e9rcoles de 17.15 a 18.15hs<\/li>\n\n\n\n<li>Escuela, Diversidad y ambiente: abordaje cr\u00edtico con perspectiva de derechos. Docente: Anah\u00ed L\u00f3pez. Jueves de 17.25 a 18.25hs<\/li>\n<\/ul>\n\n\n\n<p>En <strong>Profesorado en Educaci\u00f3n Inicial<\/strong><\/p>\n\n\n\n<ul>\n<li>Producci\u00f3n y Expresi\u00f3n Narrativa y Corporal para la formaci\u00f3n docente inicial. Docente: Mar\u00eda Jos\u00e9 De Uriarte. Mi\u00e9rcoles de 20.25 a 21.25hs<\/li>\n<\/ul>\n\n\n\n<p>En <strong>Profesorado de Especial<\/strong><\/p>\n\n\n\n<ul>\n<li>Lengua de Se\u00f1as Argentinas en la escuela. Docente: Lorena Gonz\u00e1lez. Viernes de 17.15 a 19.15hs<\/li>\n<\/ul>\n\n\n\n<p>En <strong>Profesorado en Educaci\u00f3n F\u00edsica<\/strong><\/p>\n\n\n\n<ul>\n<li>Educaci\u00f3n Sexual Integral. Docente: Beatriz Barba. Viernes de 17.30 a 18.30hs<\/li>\n\n\n\n<li>Primeros Auxilios. Docente: Nadia Moreno. Viernes 19.15 a 20.15hs<\/li>\n\n\n\n<li>Deportes de pelota, raqueta y paleta. Docente: Mauricio Arano. Lunes de 15 a 17hs<\/li>\n\n\n\n<li>H\u00e1bilidades motoras con elementos no convencionales. Docente: Vanesa L\u00f3pez. Viernes de 13 a 15hs<\/li>\n<\/ul>\n\n\n\n<p><strong>\u00bfC\u00f3mo hago para inscribirme en un TFO que tomar\u00e9 como propuesta extra a los que ofrece mi carrera?<\/strong><\/p>\n\n\n\n<p>A trav\u00e9s de este formulario. Es importante tener en cuenta que hay 25 cupos por trayectos (inclu\u00eddas\/os los estudiantes de la carrera destinataria de los TFO). <\/p>\n\n\n\n<h2 class=\"wp-block-heading\"><strong>\u00bfC\u00f3mo solicitar Certificados de Cr\u00e9ditos?<\/strong><\/h2>\n\n\n\n<p><\/p>\n\n\n\n<p>&#x27a1;&#xfe0f; Para la Solicitud de Certificados de Cr\u00e9ditos (de actividades que no se organicen en el interior del instituto -m\u00e1s all\u00e1 de que las promocione-), deber\u00e1 completar el siguiente formulario:<br><a href=\"https:\/\/forms.gle\/DBziHJo1JjQuxrPk8\" target=\"_blank\" rel=\"noreferrer noopener\">https:\/\/forms.gle\/DBziHJo1JjQuxrPk8<br><\/a>Deben realizar una entrada por certificado que quieran solicitar. Todo lo que soliciten debe estar acompa\u00f1ado de la imagen del certificado de participaci\u00f3n o aprobaci\u00f3n correspondiente a la actividad que desean acreditar.<\/p>\n\n\n\n<p>En el caso de las actividades institucionales, se recibir\u00e1n los certificados de participaci\u00f3n durante la misma jornada.<\/p>\n\n\n\n<p><\/p>\n","protected":false},"excerpt":{"rendered":"<p>Nuestra Instituci\u00f3n cuenta con Sistema de Cr\u00e9ditos el cual impacta en la acreditaci\u00f3n final de las pr\u00e1cticas docentes y\/o profesionalizantes. \u00bfD\u00f3nde puedo realizar cursos que me den cr\u00e9ditos? Cursos gratuitos on line del Ministerio de Justicia y DDHH de la Naci\u00f3n: https:\/\/capacitacion.jus.gov.ar\/campusdh\/ Cursos Gratuitos y On Line del INAP (Instituto Nacional de Administraci\u00f3n P\u00fablica), con &#8230; <a title=\"Sistema de Cr\u00e9ditos\" class=\"read-more\" href=\"https:\/\/isfd158-bue.infd.edu.ar\/sitio\/sistema-de-creditos\/\" aria-label=\"More on Sistema de Cr\u00e9ditos\">[+]<\/a><\/p>\n","protected":false},"author":61,"featured_media":0,"parent":0,"menu_order":0,"comment_status":"closed","ping_status":"closed","template":"","meta":[],"acf":[],"_links":{"self":[{"href":"https:\/\/isfd158-bue.infd.edu.ar\/sitio\/wp-json\/wp\/v2\/pages\/1164"}],"collection":[{"href":"https:\/\/isfd158-bue.infd.edu.ar\/sitio\/wp-json\/wp\/v2\/pages"}],"about":[{"href":"https:\/\/isfd158-bue.infd.edu.ar\/sitio\/wp-json\/wp\/v2\/types\/page"}],"author":[{"embeddable":true,"href":"https:\/\/isfd158-bue.infd.edu.ar\/sitio\/wp-json\/wp\/v2\/users\/61"}],"replies":[{"embeddable":true,"href":"https:\/\/isfd158-bue.infd.edu.ar\/sitio\/wp-json\/wp\/v2\/comments?post=1164"}],"version-history":[{"count":4,"href":"https:\/\/isfd158-bue.infd.edu.ar\/sitio\/wp-json\/wp\/v2\/pages\/1164\/revisions"}],"predecessor-version":[{"id":1410,"href":"https:\/\/isfd158-bue.infd.edu.ar\/sitio\/wp-json\/wp\/v2\/pages\/1164\/revisions\/1410"}],"wp:attachment":[{"href":"https:\/\/isfd158-bue.infd.edu.ar\/sitio\/wp-json\/wp\/v2\/media?parent=1164"}],"curies":[{"name":"wp","href":"https:\/\/api.w.org\/{rel}","templated":true}]}}