{"id":1084,"date":"2023-02-01T19:07:02","date_gmt":"2023-02-01T22:07:02","guid":{"rendered":"https:\/\/isfd158-bue.infd.edu.ar\/sitio\/?page_id=1084"},"modified":"2024-03-11T12:03:39","modified_gmt":"2024-03-11T15:03:39","slug":"cobertura-de-catedras-2024","status":"publish","type":"page","link":"https:\/\/isfd158-bue.infd.edu.ar\/sitio\/cobertura-de-catedras-2024\/","title":{"rendered":"Cobertura de C\u00e1tedras 2024"},"content":{"rendered":"\n<p>En el marco de las Resoluciones 1234\/02, 5886\/03 y 1161\/20 se solicita a Ud., la difusi\u00f3n y llamado a&nbsp; inscripci\u00f3n para&nbsp; la cobertura de m\u00f3dulos provisionales y\/o suplentes en&nbsp; los espacios que a continuaci\u00f3n se detallan.<\/p>\n\n\n\n<p>Si bien encontrar\u00e1n linkeados los dise\u00f1os curriculares y materiales para la confecci\u00f3n y presentaci\u00f3n de proyectos, las y los aspirantes podr\u00e1n consultar por correo <a href=\"mailto:isfdyt158cpringles@abc.gob.ar\">isfdyt158cpringles@abc.gob.ar<\/a> o personalmente de 18.30 a 21 horas en el Instituto (25 de Mayo n \u00b0 1150)&nbsp; los lineamientos de EDI y TFO y los contenidos curriculares, motivo por el cual se consigna en cada carrera, el n\u00b0 de resoluci\u00f3n, para su identificaci\u00f3n.<\/p>\n\n\n\n<p><strong>VER <\/strong><a href=\"https:\/\/docs.google.com\/spreadsheets\/d\/1ni2sYgO3osP4nHt9GoBzTIiEZ51vf_QDI3RWFryklSo\/edit?usp=sharing\" data-type=\"URL\" data-id=\"https:\/\/docs.google.com\/spreadsheets\/d\/1ni2sYgO3osP4nHt9GoBzTIiEZ51vf_QDI3RWFryklSo\/edit?usp=sharing\" target=\"_blank\" rel=\"noreferrer noopener\">listado de comisiones evaluadoras<\/a> (se ir\u00e1n actualizando).<img decoding=\"async\" loading=\"lazy\" width=\"96\" height=\"11\" src=\"https:\/\/lh6.googleusercontent.com\/bPPH2bWliB7jbide8X63WNS93Y-18fdralj1FlQz4MXYPj_vtAWDl7M7lLzFJ0YBeR6fwQvCsgvQYmpbkgwHq4PdLOopnOWs9ZC4HAztl16Qw39yQiMxBoBtHcuF2jt5WH4KmtRkrJ9fVMymw4sGxA\"><\/p>\n\n\n\n<p><strong>CARRERA:<\/strong><strong> <\/strong><strong>PROFESORADO DE EDUCACI\u00d3N SECUNDARIA EN QU\u00cdMICA<\/strong><\/p>\n\n\n\n<p><em>2\u00ba A\u00f1o \u2013 M\u00f3dulos Provisionales \u2013 Turno vespertino &#8211;<\/em> <a href=\"https:\/\/abc.gob.ar\/secretarias\/sites\/default\/files\/2023-04\/Dise%C3%B1o%20Curricular%20del%20Profesorado%20de%20Educaci%C3%B3n%20Secundaria%20en%20Qu%C3%ADmica_0.pdf\">Resoluci\u00f3n N\u00b03610\/22<\/a><\/p>\n\n\n\n<figure class=\"wp-block-table is-style-stripes\"><table><tbody><tr><td>DID\u00c1CTICA Y CURRICULUM &#8211; 2 m\u00f3dulos<\/td><\/tr><\/tbody><\/table><\/figure>\n\n\n\n<p><em>3\u00ba A\u00f1o \u2013 M\u00f3dulos Provisionales \u2013 Turno vespertino &#8211;<\/em> <a href=\"https:\/\/drive.google.com\/file\/d\/1NT1y5bz6UHlRJcMXW1gaZ4TOB2QIxBEF\/view?usp=sharing\">Resoluci\u00f3n n\u00ba 13259\/99 31\/03<\/a><\/p>\n\n\n\n<figure class=\"wp-block-table is-style-stripes\"><table><tbody><tr><td>F\u00cdSICOQU\u00cdMICA&nbsp; \u2013 3 m\u00f3dulos<\/td><\/tr><\/tbody><\/table><\/figure>\n\n\n\n<p><strong>CARRERA:<\/strong><strong> PROFESORADO DE EDUCACI\u00d3N ESPECIAL<\/strong><\/p>\n\n\n\n<p><em>2\u00ba A\u00f1o \u2013 M\u00f3dulos Provisionales \u2013 Turno vespertino &#8211; <\/em><a href=\"http:\/\/servicios.abc.gov.ar\/lainstitucion\/organismos\/consejogeneral\/disenioscurriculares\/documentosdescarga\/res1009-09_educ_especial.pdf\">Resoluci\u00f3n n\u00ba 1009\/09<\/a><\/p>\n\n\n\n<figure class=\"wp-block-table is-style-stripes\"><table><tbody><tr><td>ESPACIO DE LA PR\u00c1CTICA GENERALISTA II &#8211; 4 m\u00f3dulos + 1 tain<\/td><\/tr><\/tbody><\/table><\/figure>\n\n\n\n<p><strong>CARRERA:<\/strong><strong> <\/strong><strong>PROFESORADO DE EDUCACI\u00d3N INGL\u00c9S<\/strong><\/p>\n\n\n\n<p><em>CURSO DE FORMACI\u00d3N B\u00c1SICA \u2013 M\u00f3dulos Provisionales \u2013 Turno Tarde &#8211;<\/em><a href=\"https:\/\/abc.gob.ar\/secretarias\/sites\/default\/files\/2021-12\/Res-CUFBA-1883-99-1.pdf\">Resoluci\u00f3n N\u00b01883\/99<\/a><\/p>\n\n\n\n<figure class=\"wp-block-table is-style-stripes\"><table><tbody><tr><td>EXPRESI\u00d3N ORAL \u2013 3 m\u00f3dulos<\/td><\/tr><\/tbody><\/table><\/figure>\n\n\n\n<p><em>1\u00ba A\u00f1o \u2013 M\u00f3dulos Provisionales \u2013 Turno vespertino &#8211;<\/em> <a href=\"https:\/\/isfd18-bue.infd.edu.ar\/sitio\/plan-de-estudio-res-n-1860-17\/\">Resoluci\u00f3n N\u00b01860\/17<\/a><\/p>\n\n\n\n<figure class=\"wp-block-table is-style-stripes\"><table><tbody><tr><td>PR\u00c1CTICAS DISCURSIVAS DEL \u00c1MBITO ACAD\u00c9MICO EN ESPA\u00d1OL &#8211; 2 M\u00f3dulos<\/td><\/tr><tr><td>INTRODUCCI\u00d3N AL INGL\u00c9S CON FINES ACAD\u00c9MICOS &#8211; 2 M\u00f3dulos<\/td><\/tr><tr><td>ESTUDIOS INTERCULTURALES EN LENGUA INGLESA I &#8211; 2 M\u00f3dulos<\/td><\/tr><\/tbody><\/table><\/figure>\n\n\n\n<h2 class=\"wp-block-heading\">CRONOGRAMA<\/h2>\n\n\n\n<p>Difusi\u00f3n 7\/03\/2024 al 17\/03\/2024<br>Inscripci\u00f3n por correo electr\u00f3nico*: 18\/03\/2024 al 20\/03\/2024<br>Evaluaci\u00f3n desde el 03\/04\/2024<\/p>\n\n\n\n<h2 class=\"wp-block-heading\"><strong>Documentaci\u00f3n requerida:&nbsp;<\/strong><\/h2>\n\n\n\n<ul>\n<li><strong><a href=\"https:\/\/docs.google.com\/document\/d\/1RzWQZQ2mZfcp352TG4ZX7WHebC0BYXEf\/edit?usp=share_link&amp;ouid=112992708361903608195&amp;rtpof=true&amp;sd=true\">Anexo III&nbsp;<\/a> <\/strong>(un solo documento en PDF que incluya T\u00edtulos, cursos y DNI, consignando Apellido y Nombre del docente. Ejemplo: N\u00fa\u00f1ez Juan Anexo III)<\/li>\n\n\n\n<li><strong>Proyecto de C\u00e1tedra<\/strong> seg\u00fan Comunicaci\u00f3n 30\/05 (<a href=\"https:\/\/docs.google.com\/document\/d\/1VYsChHNxZSk7aFIOZV7n6JujCSpfTDFQ\/edit?usp=drive_link&amp;ouid=112992708361903608195&amp;rtpof=true&amp;sd=true\">Documento Institucional sobre proyectos de c\u00e1tedra<\/a>) escrito en tipograf\u00eda Arial, Times New Roman o Roboto tama\u00f1o 11. Incluir el nombre del postulante s\u00f3lo en la car\u00e1tula (no encabezados ni firmas). Ver apartado de aclaraciones.<\/li>\n\n\n\n<li>Correo electr\u00f3nico ABC para notificaciones<\/li>\n<\/ul>\n\n\n\n<p>(<a href=\"https:\/\/drive.google.com\/drive\/folders\/1A8hEY352Z4O8mUFdDmZtLrAouRolAQXq?usp=sharing\">Carpeta con Materiales<\/a> para presentaci\u00f3n de proyectos)<\/p>\n\n\n\n<p>*La inscripci\u00f3n se realizar\u00e1 \u00fanicamente por correo: <a href=\"mailto:isfdyt158cpringles@abc.gob.ar\">isfdyt158cpringles@abc.gob.ar<\/a><\/p>\n\n\n\n<div class=\"wp-block-group has-base-3-color has-accent-background-color has-text-color has-background is-layout-constrained\"><div class=\"wp-block-group__inner-container\">\n<h2 class=\"wp-block-heading has-base-3-color has-text-color\">ACLARACIONES<\/h2>\n\n\n\n<p>*A partir de las Res. 5886\/03 y 1161\/20. se hace saber que los aspirantes deber\u00e1n entregar la <strong>Propuesta Pedag\u00f3gica<\/strong> (Proyecto seg\u00fan Disposici\u00f3n 30\/05) y el <strong>Anexo III <\/strong>(Formulario de Declaraci\u00f3n Jurada de T\u00edtulos y Antecedentes, Constancia de Inscripci\u00f3n, Constancia de designaci\u00f3n ad refer\u00e9ndum y planilla solicitud designaci\u00f3n ad refer\u00e9ndum,&nbsp; prescriptas por la Resoluci\u00f3n 5886\/03) y deber\u00e1n constituir domicilio f\u00edsico y domicilio electr\u00f3nico \u2013 CORREO ABC &#8211; a los efectos de las notificaciones fehacientes que fuera necesario realizar durante el proceso de selecci\u00f3n), al realizar la inscripci\u00f3n los aspirantes deber\u00e1n hacerlo en&nbsp; formato electr\u00f3nico&nbsp; observando las siguientes pautas:<\/p>\n\n\n\n<p>1.&nbsp;Los <strong>archivos <\/strong>que se env\u00eden deber\u00e1n ser en<strong> formato PDF<\/strong> con la seguridad correspondiente que inhabilite modificaciones, no formato WORD. <strong>Los proyectos no deben contener el nombre del postulante en ninguna de sus hojas m\u00e1s que en la car\u00e1tula<\/strong>. Es decir, no incluir firmas, encabezados ni pie de p\u00e1gina, ni ninguna otra referencia. Esto es fundamental para garantizar la evaluaci\u00f3n de los aspirantes de la forma m\u00e1s transparente posible.<\/p>\n\n\n\n<p>2. La documentaci\u00f3n solicitada como adjunto al Anexo III, deber\u00e1 presentarse escaneada en formato PDF (no foto, se sugiere la utilizaci\u00f3n de aplicaciones para celulares como CamScanner o SimpleScam) en un \u00fanico archivo conformado para el mencionado anexo, nombr\u00e1ndolo como tal y el apellido del aspirante. Un mismo archivo vale para todas las c\u00e1tedras a las que se postula.<\/p>\n\n\n\n<p>3. La propuesta pedag\u00f3gica deber\u00e1 presentarse en un archivo identificado con apellido del aspirante y nombre de la unidad curricular a la que se postula. La propuesta deber\u00e1 ser absolutamente original, no permiti\u00e9ndose copias de ning\u00fan tipo. La utilizaci\u00f3n de m\u00e1s de 100 palabras consecutivas sin su debida identificaci\u00f3n (cita) ser\u00e1 considerado plagio, por lo que el proyecto ser\u00e1 desestimado.<\/p>\n\n\n\n<p>4. Ambos archivos (Propuesta Pedag\u00f3gica y Anexo III) se enviar\u00e1n como adjuntos a la direcci\u00f3n de correo publicada para tal fin y consignando en el asunto el nombre para el espacio que se postula.&nbsp;<\/p>\n\n\n\n<p>5. En cualquier caso, ante inconvenientes en relaci\u00f3n a archivos a presentar (desconocimiento de la herramienta inform\u00e1tica c\u00f3mo procesador de textos), deber\u00e1 seguirse el formato digital anteriormente especificado (PDF en ambos casos)<\/p>\n\n\n\n<p>6. El correo electr\u00f3nico habilitado para recepci\u00f3n de Propuestas, documentaci\u00f3n (Anexo III) y consultas: isfdyt158cpringles@abc.gob.ar<\/p>\n\n\n\n<p>7. El horario habilitado para la recepci\u00f3n de Propuestas, ser\u00e1 hasta las 23:00 hs del \u00faltimo d\u00eda de inscripci\u00f3n.&nbsp;<\/p>\n\n\n\n<p>8. Normativa General, Dise\u00f1os Curriculares, P.I.E. (ajustado a la Resoluci\u00f3n 4043\/05 y modificatorias) son puestos a disposici\u00f3n en esta convocatoria en carpeta Drive.<\/p>\n\n\n\n<p>9. Para dejar constancia fehaciente que el Instituto ha recibido y cursado entrada a la Propuesta y su Anexo III correspondiente para evaluaci\u00f3n de antecedentes, se responder\u00e1 por email a la direcci\u00f3n de correo de procedencia, DENTRO DE LAS 72 HORAS DE RECIBIDO, que ser\u00e1 la \u00fanica prueba que certifique la inscripci\u00f3n c\u00f3mo aspirante al concurso.<\/p>\n\n\n\n<p>10. Cabe aclarar que la Direcci\u00f3n de este Establecimiento podr\u00e1 solicitar los originales en cualquier etapa de la evaluaci\u00f3n, de ser necesario.<\/p>\n<\/div><\/div>\n","protected":false},"excerpt":{"rendered":"<p>En el marco de las Resoluciones 1234\/02, 5886\/03 y 1161\/20 se solicita a Ud., la difusi\u00f3n y llamado a&nbsp; inscripci\u00f3n para&nbsp; la cobertura de m\u00f3dulos provisionales y\/o suplentes en&nbsp; los espacios que a continuaci\u00f3n se detallan. Si bien encontrar\u00e1n linkeados los dise\u00f1os curriculares y materiales para la confecci\u00f3n y presentaci\u00f3n de proyectos, las y los &#8230; <a title=\"Cobertura de C\u00e1tedras 2024\" class=\"read-more\" href=\"https:\/\/isfd158-bue.infd.edu.ar\/sitio\/cobertura-de-catedras-2024\/\" aria-label=\"More on Cobertura de C\u00e1tedras 2024\">[+]<\/a><\/p>\n","protected":false},"author":61,"featured_media":0,"parent":0,"menu_order":0,"comment_status":"closed","ping_status":"closed","template":"","meta":[],"acf":[],"_links":{"self":[{"href":"https:\/\/isfd158-bue.infd.edu.ar\/sitio\/wp-json\/wp\/v2\/pages\/1084"}],"collection":[{"href":"https:\/\/isfd158-bue.infd.edu.ar\/sitio\/wp-json\/wp\/v2\/pages"}],"about":[{"href":"https:\/\/isfd158-bue.infd.edu.ar\/sitio\/wp-json\/wp\/v2\/types\/page"}],"author":[{"embeddable":true,"href":"https:\/\/isfd158-bue.infd.edu.ar\/sitio\/wp-json\/wp\/v2\/users\/61"}],"replies":[{"embeddable":true,"href":"https:\/\/isfd158-bue.infd.edu.ar\/sitio\/wp-json\/wp\/v2\/comments?post=1084"}],"version-history":[{"count":27,"href":"https:\/\/isfd158-bue.infd.edu.ar\/sitio\/wp-json\/wp\/v2\/pages\/1084\/revisions"}],"predecessor-version":[{"id":1408,"href":"https:\/\/isfd158-bue.infd.edu.ar\/sitio\/wp-json\/wp\/v2\/pages\/1084\/revisions\/1408"}],"wp:attachment":[{"href":"https:\/\/isfd158-bue.infd.edu.ar\/sitio\/wp-json\/wp\/v2\/media?parent=1084"}],"curies":[{"name":"wp","href":"https:\/\/api.w.org\/{rel}","templated":true}]}}